{"id":14,"date":"2020-12-25T14:56:53","date_gmt":"2020-12-25T14:56:53","guid":{"rendered":"http:\/\/sw-themes.com\/porto_dummy\/?page_id=14"},"modified":"2025-01-20T11:07:06","modified_gmt":"2025-01-20T11:07:06","slug":"uretici-firma-accross","status":"publish","type":"page","link":"https:\/\/revolaxturkey.com\/index.php\/uretici-firma-accross\/","title":{"rendered":"ACROSS Co. Ltd."},"content":{"rendered":"<div class=\"wpb-content-wrapper\"><p>[vc_row wrap_container=&#8221;yes&#8221; content_placement=&#8221;middle&#8221; el_class=&#8221;mt-5 pt-4 m-b-lg&#8221;][vc_column el_class=&#8221;pb-sm-4 pb-lg-0 mb-5 mb-lg-0&#8243; offset=&#8221;vc_col-md-6&#8243;][vc_custom_heading text=&#8221;REVOLAX bir Across \u00fcr\u00fcn\u00fcd\u00fcr.<br \/>\n2009 y\u0131l\u0131nda kurulan ACROSS, HA \u00fcr\u00fcnleri konusunda uzmanla\u015fm\u0131\u015f bir t\u0131bbi cihaz \u00fcreticisidir.<br \/>\n30 \u00fclkede sat\u0131\u015fa sunulan ACROSS, G\u00fcney Kore&#8217;nin 1 numaral\u0131 HA dolgu \u00fcreticisi olmas\u0131n\u0131n yan\u0131 s\u0131ra lidokainli HA dolgu maddeleri i\u00e7in CE sertifikas\u0131 alan ilk G\u00fcney Koreli firmad\u0131r.&#8221; font_container=&#8221;tag:p|font_size:14px|text_align:left|line_height:26px&#8221; use_theme_fonts=&#8221;yes&#8221; css=&#8221;&#8221; font_weight=&#8221;300&#8243; animation_duration=&#8221;&#8221; animation_delay=&#8221;&#8221; el_class=&#8221;pb-1 mb-4&#8243;][\/vc_column][vc_column width=&#8221;3\/4&#8243; animation_delay=&#8221;1450&#8243; el_class=&#8221;ps-lg-5 pe-5 custom-auto-img&#8221; offset=&#8221;vc_col-md-6 vc_col-xs-10&#8243; animation_type=&#8221;fadeInLeft&#8221;][vc_single_image image=&#8221;1219&#8243; img_size=&#8221;full&#8221; css=&#8221;&#8221; floating_start_pos=&#8221;top&#8221; floating_speed=&#8221;9.8&#8243; floating_duration=&#8221;1000&#8243; el_class=&#8221;mb-0&#8243;][\/vc_column][\/vc_row]<\/p>\n<\/div>","protected":false},"excerpt":{"rendered":"<p>[vc_row wrap_container=&#8221;yes&#8221; content_placement=&#8221;middle&#8221; el_class=&#8221;mt-5 pt-4 m-b-lg&#8221;][vc_column el_class=&#8221;pb-sm-4 pb-lg-0 mb-5 mb-lg-0&#8243; offset=&#8221;vc_col-md-6&#8243;][vc_custom_heading text=&#8221;REVOLAX bir Across \u00fcr\u00fcn\u00fcd\u00fcr. 2009 y\u0131l\u0131nda kurulan ACROSS, HA \u00fcr\u00fcnleri konusunda uzmanla\u015fm\u0131\u015f bir t\u0131bbi cihaz \u00fcreticisidir. 30 \u00fclkede sat\u0131\u015fa sunulan ACROSS, G\u00fcney Kore&#8217;nin 1 numaral\u0131 HA dolgu \u00fcreticisi olmas\u0131n\u0131n yan\u0131 s\u0131ra lidokainli HA dolgu maddeleri i\u00e7in CE sertifikas\u0131 alan ilk G\u00fcney Koreli firmad\u0131r.&#8221; font_container=&#8221;tag:p|font_size:14px|text_align:left|line_height:26px&#8221; [&hellip;]<\/p>\n","protected":false},"author":1,"featured_media":0,"parent":0,"menu_order":0,"comment_status":"closed","ping_status":"closed","template":"","meta":{"footnotes":""},"class_list":["post-14","page","type-page","status-publish","hentry"],"_links":{"self":[{"href":"https:\/\/revolaxturkey.com\/index.php\/wp-json\/wp\/v2\/pages\/14","targetHints":{"allow":["GET"]}}],"collection":[{"href":"https:\/\/revolaxturkey.com\/index.php\/wp-json\/wp\/v2\/pages"}],"about":[{"href":"https:\/\/revolaxturkey.com\/index.php\/wp-json\/wp\/v2\/types\/page"}],"author":[{"embeddable":true,"href":"https:\/\/revolaxturkey.com\/index.php\/wp-json\/wp\/v2\/users\/1"}],"replies":[{"embeddable":true,"href":"https:\/\/revolaxturkey.com\/index.php\/wp-json\/wp\/v2\/comments?post=14"}],"version-history":[{"count":20,"href":"https:\/\/revolaxturkey.com\/index.php\/wp-json\/wp\/v2\/pages\/14\/revisions"}],"predecessor-version":[{"id":1250,"href":"https:\/\/revolaxturkey.com\/index.php\/wp-json\/wp\/v2\/pages\/14\/revisions\/1250"}],"wp:attachment":[{"href":"https:\/\/revolaxturkey.com\/index.php\/wp-json\/wp\/v2\/media?parent=14"}],"curies":[{"name":"wp","href":"https:\/\/api.w.org\/{rel}","templated":true}]}}