{"id":789,"date":"2024-08-08T20:54:19","date_gmt":"2024-08-08T20:54:19","guid":{"rendered":"https:\/\/revolaxturkey.com\/?page_id=789"},"modified":"2025-07-10T17:15:49","modified_gmt":"2025-07-10T17:15:49","slug":"sanovis-saglik-hizmetleri","status":"publish","type":"page","link":"https:\/\/revolaxturkey.com\/index.php\/sanovis-saglik-hizmetleri\/","title":{"rendered":"SANOV\u0130S Sa\u011fl\u0131k Hizmetleri A . \u015e ."},"content":{"rendered":"<div class=\"wpb-content-wrapper\"><p>[vc_row wrap_container=&#8221;yes&#8221; content_placement=&#8221;middle&#8221; el_class=&#8221;mt-5 pt-4 m-b-lg&#8221;][vc_column el_class=&#8221;pb-sm-4 pb-lg-0 mb-5 mb-lg-0&#8243; offset=&#8221;vc_col-md-6&#8243;][vc_custom_heading text=&#8221;2007\u2019den bu yana plastik, rekonstr\u00fcktif ve estetik cerrahi uygulamalarda profesyonel olarak kullan\u0131lan \u00fcr\u00fcnleri sekt\u00f6re kazand\u0131rmak i\u00e7in \u00e7al\u0131\u015f\u0131yoruz. Hedefimiz g\u00fcvenilir, \u00f6nc\u00fc markalarla hayat\u0131 g\u00fczelle\u015ftiren \u00e7\u00f6z\u00fcmler sunmakt\u0131r. 1986\u2019da Almanya\u2019da kurulan Polytech Health &amp; Aesthetics markas\u0131n\u0131n 2015 y\u0131l\u0131ndan bu yana T\u00fcrkiye distrib\u00fct\u00f6r\u00fcy\u00fcz. Silikon implantlar\u0131n d\u00fcnyadaki \u00f6nde gelen \u00fcreticilerinden biri olan Polytech Health &amp; Aesthetics ile meme ve v\u00fccut implantlar\u0131nda \u00fcst d\u00fczey kalite ve g\u00fcvenlik ihtiyac\u0131n\u0131 kar\u015f\u0131layacak bir portf\u00f6ye sahibiz. Daha \u00e7ekici hatlara sahip olmak i\u00e7in bize g\u00fcvenebilirsiniz.<br \/>\nDermal dolgular pazar\u0131na cesur ve taze bir yakla\u015f\u0131m sunan REVOLAX\u2019la girdik. Dolgular\u0131n hatlar\u0131n\u0131z\u0131 koruman\u0131n m\u00fckemmel bir yolu oldu\u011funu biliyoruz, kalitemizden eminiz ve t\u00fcm estetik tecr\u00fcbemizle yan\u0131n\u0131zday\u0131z.&#8221; font_container=&#8221;tag:p|font_size:14px|text_align:left|line_height:26px&#8221; use_theme_fonts=&#8221;yes&#8221; css=&#8221;&#8221; font_weight=&#8221;300&#8243; animation_duration=&#8221;&#8221; animation_delay=&#8221;&#8221; el_class=&#8221;pb-1 mb-4&#8243;][\/vc_column][vc_column width=&#8221;3\/4&#8243; animation_delay=&#8221;1450&#8243; el_class=&#8221;ps-lg-5 pe-5 custom-auto-img&#8221; offset=&#8221;vc_col-md-6 vc_col-xs-10&#8243; animation_type=&#8221;fadeInLeft&#8221;][vc_single_image image=&#8221;895&#8243; img_size=&#8221;full&#8221; css=&#8221;&#8221; floating_start_pos=&#8221;top&#8221; floating_speed=&#8221;9.8&#8243; floating_duration=&#8221;1000&#8243; el_class=&#8221;mb-0&#8243; label=&#8221;&#8221;][\/vc_column][\/vc_row]<\/p>\n<\/div>","protected":false},"excerpt":{"rendered":"<p>[vc_row wrap_container=&#8221;yes&#8221; content_placement=&#8221;middle&#8221; el_class=&#8221;mt-5 pt-4 m-b-lg&#8221;][vc_column el_class=&#8221;pb-sm-4 pb-lg-0 mb-5 mb-lg-0&#8243; offset=&#8221;vc_col-md-6&#8243;][vc_custom_heading text=&#8221;2007\u2019den bu yana plastik, rekonstr\u00fcktif ve estetik cerrahi uygulamalarda profesyonel olarak kullan\u0131lan \u00fcr\u00fcnleri sekt\u00f6re kazand\u0131rmak i\u00e7in \u00e7al\u0131\u015f\u0131yoruz. Hedefimiz g\u00fcvenilir, \u00f6nc\u00fc markalarla hayat\u0131 g\u00fczelle\u015ftiren \u00e7\u00f6z\u00fcmler sunmakt\u0131r. 1986\u2019da Almanya\u2019da kurulan Polytech Health &amp; Aesthetics markas\u0131n\u0131n 2015 y\u0131l\u0131ndan bu yana T\u00fcrkiye distrib\u00fct\u00f6r\u00fcy\u00fcz. Silikon implantlar\u0131n d\u00fcnyadaki \u00f6nde gelen [&hellip;]<\/p>\n","protected":false},"author":1,"featured_media":0,"parent":0,"menu_order":0,"comment_status":"closed","ping_status":"closed","template":"","meta":{"footnotes":""},"class_list":["post-789","page","type-page","status-publish","hentry"],"_links":{"self":[{"href":"https:\/\/revolaxturkey.com\/index.php\/wp-json\/wp\/v2\/pages\/789","targetHints":{"allow":["GET"]}}],"collection":[{"href":"https:\/\/revolaxturkey.com\/index.php\/wp-json\/wp\/v2\/pages"}],"about":[{"href":"https:\/\/revolaxturkey.com\/index.php\/wp-json\/wp\/v2\/types\/page"}],"author":[{"embeddable":true,"href":"https:\/\/revolaxturkey.com\/index.php\/wp-json\/wp\/v2\/users\/1"}],"replies":[{"embeddable":true,"href":"https:\/\/revolaxturkey.com\/index.php\/wp-json\/wp\/v2\/comments?post=789"}],"version-history":[{"count":11,"href":"https:\/\/revolaxturkey.com\/index.php\/wp-json\/wp\/v2\/pages\/789\/revisions"}],"predecessor-version":[{"id":1325,"href":"https:\/\/revolaxturkey.com\/index.php\/wp-json\/wp\/v2\/pages\/789\/revisions\/1325"}],"wp:attachment":[{"href":"https:\/\/revolaxturkey.com\/index.php\/wp-json\/wp\/v2\/media?parent=789"}],"curies":[{"name":"wp","href":"https:\/\/api.w.org\/{rel}","templated":true}]}}