{"id":796,"date":"2024-08-08T21:18:04","date_gmt":"2024-08-08T21:18:04","guid":{"rendered":"https:\/\/revolaxturkey.com\/?page_id=796"},"modified":"2025-01-22T01:30:00","modified_gmt":"2025-01-22T01:30:00","slug":"revolax-nedir-nasil-calisir","status":"publish","type":"page","link":"https:\/\/revolaxturkey.com\/index.php\/revolax-nedir-nasil-calisir\/","title":{"rendered":"REVOLAX nedir, nas\u0131l \u00e7al\u0131\u015f\u0131r?"},"content":{"rendered":"<div class=\"wpb-content-wrapper\"><p>[vc_row wrap_container=&#8221;yes&#8221; content_placement=&#8221;middle&#8221; el_class=&#8221;mt-5 pt-4 m-b-lg&#8221;][vc_column el_class=&#8221;pb-sm-4 pb-lg-0 mb-5 mb-lg-0&#8243; offset=&#8221;vc_col-md-6&#8243;][vc_custom_heading text=&#8221;REVOLAX y\u00fcksek safl\u0131kta hyal\u00fcronik asit i\u00e7eren bir dolgudur, ilk tedaviden \u00fcr\u00fcn ciltte tamamen emilene kadar do\u011fal g\u00f6r\u00fcn\u00fcml\u00fc nihai sonu\u00e7lar yaratmak i\u00e7in tasarlanm\u0131\u015ft\u0131r.<br \/>\nREVOLAX dolgular yer de\u011fi\u015ftirmez, uyguland\u0131klar\u0131 alanda kal\u0131rlar! Bu stabilite, son derece d\u00fc\u015f\u00fck bir \u00fcr\u00fcn g\u00f6\u00e7\u00fc y\u00fczdesi demektir ve benzersiz \u00e7apraz ba\u011flama y\u00f6ntemi sayesinde olur.<br \/>\nREVOLAX uygulama ertesi \u00f6demi en aza indiren \u00e7apraz ba\u011fl\u0131 sodyum hiyal\u00fcronattan (NaHA) olu\u015fur. Serbest ak\u0131\u015fl\u0131 HA eklenmez b\u00f6ylece enjeksiyon sonras\u0131 \u00f6dem en aza indirilir.<br \/>\nREVOLAXTM \u00f6zel patentli \u00e7ift diyaliz teknolojisi ve \u00e7apraz ba\u011flanma y\u00f6ntemi ile BDDE ve di\u011fer yabanc\u0131 maddeleri s\u0131f\u0131ra yak\u0131n seviyede elimine ederek alerjik reaksiyon ve enfeksiyon riskini azalt\u0131r. Bu form\u00fcl, \u00fcr\u00fcn\u00fcn do\u011fal bir biti\u015f elde etmek i\u00e7in e\u015fit \u015fekilde par\u00e7alanmas\u0131n\u0131 da sa\u011flar.&#8221; font_container=&#8221;tag:p|font_size:14px|text_align:left|line_height:26px&#8221; use_theme_fonts=&#8221;yes&#8221; css=&#8221;&#8221; font_weight=&#8221;300&#8243; animation_duration=&#8221;&#8221; animation_delay=&#8221;&#8221; el_class=&#8221;pb-1 mb-4&#8243;][\/vc_column][vc_column width=&#8221;3\/4&#8243; animation_delay=&#8221;1450&#8243; el_class=&#8221;ps-lg-5 pe-5 custom-auto-img&#8221; offset=&#8221;vc_col-md-6 vc_col-xs-10&#8243; animation_type=&#8221;fadeInLeft&#8221;][vc_single_image image=&#8221;1281&#8243; img_size=&#8221;full&#8221; css=&#8221;&#8221; floating_start_pos=&#8221;top&#8221; floating_speed=&#8221;9.8&#8243; floating_duration=&#8221;1000&#8243; el_class=&#8221;mb-0&#8243; label=&#8221;&#8221;][\/vc_column][\/vc_row]<\/p>\n<\/div>","protected":false},"excerpt":{"rendered":"<p>[vc_row wrap_container=&#8221;yes&#8221; content_placement=&#8221;middle&#8221; el_class=&#8221;mt-5 pt-4 m-b-lg&#8221;][vc_column el_class=&#8221;pb-sm-4 pb-lg-0 mb-5 mb-lg-0&#8243; offset=&#8221;vc_col-md-6&#8243;][vc_custom_heading text=&#8221;REVOLAX y\u00fcksek safl\u0131kta hyal\u00fcronik asit i\u00e7eren bir dolgudur, ilk tedaviden \u00fcr\u00fcn ciltte tamamen emilene kadar do\u011fal g\u00f6r\u00fcn\u00fcml\u00fc nihai sonu\u00e7lar yaratmak i\u00e7in tasarlanm\u0131\u015ft\u0131r. REVOLAX dolgular yer de\u011fi\u015ftirmez, uyguland\u0131klar\u0131 alanda kal\u0131rlar! Bu stabilite, son derece d\u00fc\u015f\u00fck bir \u00fcr\u00fcn g\u00f6\u00e7\u00fc y\u00fczdesi demektir ve benzersiz \u00e7apraz ba\u011flama y\u00f6ntemi [&hellip;]<\/p>\n","protected":false},"author":1,"featured_media":0,"parent":0,"menu_order":0,"comment_status":"closed","ping_status":"closed","template":"","meta":{"footnotes":""},"class_list":["post-796","page","type-page","status-publish","hentry"],"_links":{"self":[{"href":"https:\/\/revolaxturkey.com\/index.php\/wp-json\/wp\/v2\/pages\/796","targetHints":{"allow":["GET"]}}],"collection":[{"href":"https:\/\/revolaxturkey.com\/index.php\/wp-json\/wp\/v2\/pages"}],"about":[{"href":"https:\/\/revolaxturkey.com\/index.php\/wp-json\/wp\/v2\/types\/page"}],"author":[{"embeddable":true,"href":"https:\/\/revolaxturkey.com\/index.php\/wp-json\/wp\/v2\/users\/1"}],"replies":[{"embeddable":true,"href":"https:\/\/revolaxturkey.com\/index.php\/wp-json\/wp\/v2\/comments?post=796"}],"version-history":[{"count":10,"href":"https:\/\/revolaxturkey.com\/index.php\/wp-json\/wp\/v2\/pages\/796\/revisions"}],"predecessor-version":[{"id":1282,"href":"https:\/\/revolaxturkey.com\/index.php\/wp-json\/wp\/v2\/pages\/796\/revisions\/1282"}],"wp:attachment":[{"href":"https:\/\/revolaxturkey.com\/index.php\/wp-json\/wp\/v2\/media?parent=796"}],"curies":[{"name":"wp","href":"https:\/\/api.w.org\/{rel}","templated":true}]}}