{"id":812,"date":"2024-08-08T21:36:34","date_gmt":"2024-08-08T21:36:34","guid":{"rendered":"https:\/\/revolaxturkey.com\/?page_id=812"},"modified":"2025-01-22T01:33:51","modified_gmt":"2025-01-22T01:33:51","slug":"oncesi-sonrasi-ilham-panomuz","status":"publish","type":"page","link":"https:\/\/revolaxturkey.com\/index.php\/oncesi-sonrasi-ilham-panomuz\/","title":{"rendered":"\u00d6ncesi-Sonras\u0131 \u0130lham Panomuz"},"content":{"rendered":"<div class=\"wpb-content-wrapper\"><p>[vc_row wrap_container=&#8221;yes&#8221; content_placement=&#8221;middle&#8221; conditional_render=&#8221;%5B%7B%22value_role%22%3A%22administrator%22%7D%5D&#8221;][vc_column conditional_render=&#8221;%5B%7B%22value_role%22%3A%22administrator%22%7D%5D&#8221; css=&#8221;.vc_custom_1737314660326{padding-top: 50px !important;}&#8221;]<div class=\"porto-u-heading text-center  wpb_custom_0cb585f899ee918bc6fe84460c4419c6 porto-u-4392 \"><div class=\"porto-u-main-heading\"><h2   style=\"color:#1a1a1a;margin-bottom: 0px;\">Revolax\u2019\u0131n neler yapabilece\u011fini g\u00f6r\u00fcn!<\/h2><\/div><div class=\"porto-u-sub-heading\" style=\"color: #444444;\"><span style=\"font-weight: 400;\">\u0130lham panonuz i\u00e7in favori REVOLAX \u00f6ncesi ve sonras\u0131 d\u00f6n\u00fc\u015f\u00fcmlerimizi sayfam\u0131za ekledik. S\u0131n\u0131rs\u0131z g\u00fcven i\u00e7in kusursuz, uzun \u00f6m\u00fcrl\u00fc ve do\u011fal g\u00f6r\u00fcn\u00fcml\u00fc sonu\u00e7lar\u0131m\u0131z\u0131 sergiliyoruz.<\/span><\/p>\n<p><span style=\"font-weight: 400;\">Etkileyici REVOLAX sonu\u00e7lar\u0131n\u0131 ve bu etkili tedavinin neler yapabilece\u011fini a\u015fa\u011f\u0131da kendiniz g\u00f6r\u00fcn.<\/span><\/div><style>.porto-u-4392.porto-u-heading{text-align:center}<\/style><\/div>[\/vc_column][\/vc_row][vc_row wrap_container=&#8221;yes&#8221; content_placement=&#8221;middle&#8221; conditional_render=&#8221;%5B%7B%22value_role%22%3A%22administrator%22%7D%5D&#8221;][vc_column conditional_render=&#8221;%5B%7B%22value_role%22%3A%22administrator%22%7D%5D&#8221; css=&#8221;.vc_custom_1723015393942{padding-top: 50px !important;}&#8221;][vc_row_inner][vc_column_inner width=&#8221;2\/12&#8243;][\/vc_column_inner][vc_column_inner width=&#8221;4\/12&#8243;]<div class=\"porto-u-heading text-center  wpb_custom_2260ced4edb44fa187c695388a3a0b30 porto-u-3812 \"><div class=\"porto-u-main-heading\"><h2   style=\"color:var(--porto-quaternary-color);margin-bottom: 0px;\">ameliyats\u0131z burun esteti\u011fi<\/h2><\/div><style>.porto-u-3812.porto-u-heading{text-align:right}<\/style><\/div>[vc_single_image image=&#8221;1181&#8243; img_size=&#8221;full&#8221; alignment=&#8221;center&#8221; css=&#8221;&#8221;][\/vc_column_inner][vc_column_inner width=&#8221;4\/12&#8243;]<div class=\"porto-u-heading text-center  wpb_custom_2260ced4edb44fa187c695388a3a0b30 porto-u-9393 \"><div class=\"porto-u-main-heading\"><h2   style=\"color:var(--porto-quaternary-color);margin-bottom: 0px;\">dudak \u015fekillendirme<\/h2><\/div><style>.porto-u-9393.porto-u-heading{text-align:right}<\/style><\/div>[vc_single_image image=&#8221;1255&#8243; img_size=&#8221;full&#8221; alignment=&#8221;center&#8221; css=&#8221;&#8221;][\/vc_column_inner][vc_column_inner width=&#8221;2\/12&#8243;][\/vc_column_inner][\/vc_row_inner][vc_row_inner][vc_column_inner width=&#8221;2\/12&#8243;][\/vc_column_inner][vc_column_inner width=&#8221;4\/12&#8243;]<div class=\"porto-u-heading text-center  wpb_custom_2260ced4edb44fa187c695388a3a0b30 porto-u-9298 \"><div class=\"porto-u-main-heading\"><h2   style=\"color:var(--porto-quaternary-color);margin-bottom: 0px;\">\u00e7ene ve \u00e7ene hatt\u0131<\/h2><\/div><style>.porto-u-9298.porto-u-heading{text-align:right}<\/style><\/div>[vc_single_image image=&#8221;1257&#8243; img_size=&#8221;full&#8221; alignment=&#8221;center&#8221; css=&#8221;&#8221;][\/vc_column_inner][vc_column_inner width=&#8221;4\/12&#8243;]<div class=\"porto-u-heading text-center  wpb_custom_2260ced4edb44fa187c695388a3a0b30 porto-u-2140 \"><div class=\"porto-u-main-heading\"><h2   style=\"color:var(--porto-quaternary-color);margin-bottom: 0px;\">\u00e7ene hatt\u0131 b\u00fcy\u00fctme<\/h2><\/div><style>.porto-u-2140.porto-u-heading{text-align:right}<\/style><\/div>[vc_single_image image=&#8221;1256&#8243; img_size=&#8221;full&#8221; alignment=&#8221;center&#8221; css=&#8221;&#8221;][\/vc_column_inner][vc_column_inner width=&#8221;2\/12&#8243;][\/vc_column_inner][\/vc_row_inner][\/vc_column][\/vc_row]<\/p>\n<\/div>","protected":false},"excerpt":{"rendered":"<p>[vc_row wrap_container=&#8221;yes&#8221; content_placement=&#8221;middle&#8221; conditional_render=&#8221;%5B%7B%22value_role%22%3A%22administrator%22%7D%5D&#8221;][vc_column conditional_render=&#8221;%5B%7B%22value_role%22%3A%22administrator%22%7D%5D&#8221; css=&#8221;.vc_custom_1737314660326{padding-top: 50px !important;}&#8221;][\/vc_column][\/vc_row][vc_row wrap_container=&#8221;yes&#8221; content_placement=&#8221;middle&#8221; conditional_render=&#8221;%5B%7B%22value_role%22%3A%22administrator%22%7D%5D&#8221;][vc_column conditional_render=&#8221;%5B%7B%22value_role%22%3A%22administrator%22%7D%5D&#8221; css=&#8221;.vc_custom_1723015393942{padding-top: 50px !important;}&#8221;][vc_row_inner][vc_column_inner width=&#8221;2\/12&#8243;][\/vc_column_inner][vc_column_inner width=&#8221;4\/12&#8243;][vc_single_image image=&#8221;1181&#8243; img_size=&#8221;full&#8221; alignment=&#8221;center&#8221; css=&#8221;&#8221;][\/vc_column_inner][vc_column_inner width=&#8221;4\/12&#8243;][vc_single_image image=&#8221;1255&#8243; img_size=&#8221;full&#8221; alignment=&#8221;center&#8221; css=&#8221;&#8221;][\/vc_column_inner][vc_column_inner width=&#8221;2\/12&#8243;][\/vc_column_inner][\/vc_row_inner][vc_row_inner][vc_column_inner width=&#8221;2\/12&#8243;][\/vc_column_inner][vc_column_inner width=&#8221;4\/12&#8243;][vc_single_image image=&#8221;1257&#8243; img_size=&#8221;full&#8221; alignment=&#8221;center&#8221; css=&#8221;&#8221;][\/vc_column_inner][vc_column_inner width=&#8221;4\/12&#8243;][vc_single_image image=&#8221;1256&#8243; img_size=&#8221;full&#8221; alignment=&#8221;center&#8221; css=&#8221;&#8221;][\/vc_column_inner][vc_column_inner width=&#8221;2\/12&#8243;][\/vc_column_inner][\/vc_row_inner][\/vc_column][\/vc_row]<\/p>\n","protected":false},"author":1,"featured_media":0,"parent":0,"menu_order":0,"comment_status":"closed","ping_status":"closed","template":"","meta":{"footnotes":""},"class_list":["post-812","page","type-page","status-publish","hentry"],"_links":{"self":[{"href":"https:\/\/revolaxturkey.com\/index.php\/wp-json\/wp\/v2\/pages\/812","targetHints":{"allow":["GET"]}}],"collection":[{"href":"https:\/\/revolaxturkey.com\/index.php\/wp-json\/wp\/v2\/pages"}],"about":[{"href":"https:\/\/revolaxturkey.com\/index.php\/wp-json\/wp\/v2\/types\/page"}],"author":[{"embeddable":true,"href":"https:\/\/revolaxturkey.com\/index.php\/wp-json\/wp\/v2\/users\/1"}],"replies":[{"embeddable":true,"href":"https:\/\/revolaxturkey.com\/index.php\/wp-json\/wp\/v2\/comments?post=812"}],"version-history":[{"count":7,"href":"https:\/\/revolaxturkey.com\/index.php\/wp-json\/wp\/v2\/pages\/812\/revisions"}],"predecessor-version":[{"id":1306,"href":"https:\/\/revolaxturkey.com\/index.php\/wp-json\/wp\/v2\/pages\/812\/revisions\/1306"}],"wp:attachment":[{"href":"https:\/\/revolaxturkey.com\/index.php\/wp-json\/wp\/v2\/media?parent=812"}],"curies":[{"name":"wp","href":"https:\/\/api.w.org\/{rel}","templated":true}]}}