{"id":839,"date":"2024-08-10T18:18:27","date_gmt":"2024-08-10T18:18:27","guid":{"rendered":"https:\/\/revolaxturkey.com\/?page_id=839"},"modified":"2025-01-21T01:33:29","modified_gmt":"2025-01-21T01:33:29","slug":"uc-muhtesem-dolgu","status":"publish","type":"page","link":"https:\/\/revolaxturkey.com\/index.php\/uc-muhtesem-dolgu\/","title":{"rendered":"\u00dc\u00e7 Muhte\u015fem Dolgu"},"content":{"rendered":"<div class=\"wpb-content-wrapper\"><p>[vc_row wrap_container=&#8221;yes&#8221; content_placement=&#8221;middle&#8221; conditional_render=&#8221;%5B%7B%22value_role%22%3A%22administrator%22%7D%5D&#8221;][vc_column conditional_render=&#8221;%5B%7B%22value_role%22%3A%22administrator%22%7D%5D&#8221; css=&#8221;.vc_custom_1723015393942{padding-top: 50px !important;}&#8221;]<div class=\"porto-u-heading text-center  wpb_custom_0cb585f899ee918bc6fe84460c4419c6 porto-u-7900  vc_custom_1723313002361\"><div class=\"porto-u-sub-heading\" style=\"color: #444444;\"><span style=\"font-weight: 400;\">REVOLAX\u2019\u0131n g\u00fczellik d\u00fcnyas\u0131na ho\u015f geldiniz! \u00c7ekici hatlar ve do\u011fal sonu\u00e7lar i\u00e7in \u00fc\u00e7 m\u00fckemmel form\u00fclle buraday\u0131z. Dolgular uyguland\u0131klar\u0131 b\u00f6lgeyi nas\u0131l de\u011fi\u015ftirir? Kaliteli dolgu ne demektir? Neden REVOLAX daha konforludur? Hepsi i\u00e7in cevab\u0131m\u0131z var. \u00dcst d\u00fczey kaliteye sahibiz, saf hyal\u00fcronik asit i\u00e7eri\u011fimize \u00e7ok g\u00fcveniyoruz ve en iyi halinizle mutlu olman\u0131z\u0131 destekliyoruz.\u00a0<\/span><\/div><style>.porto-u-7900.porto-u-heading{text-align:center}<\/style><\/div>[\/vc_column][\/vc_row][vc_row wrap_container=&#8221;yes&#8221; content_placement=&#8221;middle&#8221; el_class=&#8221;pt-md-4 pt-xl-0&#8243; conditional_render=&#8221;%5B%7B%22value_role%22%3A%22administrator%22%7D%5D&#8221; css=&#8221;.vc_custom_1736893487264{margin-top: 0px !important;padding-bottom: 20px !important;}&#8221;][vc_column is_half=&#8221;yes&#8221; is_half_right=&#8221;yes&#8221; el_class=&#8221;ps-lg-5 pe-5&#8243; offset=&#8221;vc_col-xl-5 vc_col-lg-5 vc_col-md-5&#8243; conditional_render=&#8221;%5B%7B%22value_role%22%3A%22administrator%22%7D%5D&#8221; css=&#8221;.vc_custom_1736887149422{margin-right: -4.5rem !important;}&#8221;][vc_single_image image=&#8221;1261&#8243; img_size=&#8221;full&#8221; alignment=&#8221;center&#8221; css=&#8221;.vc_custom_1737368537162{margin-right: -7.5rem !important;margin-bottom: 0px !important;}&#8221; img_object=&#8221;fill&#8221; img_width=&#8221;{&#8220;xl&#8220;:&#8220;1000&#8220;,&#8220;unit&#8220;:&#8220;&#8220;,&#8220;xs&#8220;:&#8220;&#8220;,&#8220;sm&#8220;:&#8220;&#8220;,&#8220;md&#8220;:&#8220;&#8220;,&#8220;lg&#8220;:&#8220;&#8220;}&#8221; label=&#8221;&#8221;][\/vc_column][vc_column width=&#8221;3\/4&#8243; is_half=&#8221;yes&#8221; is_half_right=&#8221;yes&#8221; animation_duration=&#8221;500&#8243; animation_delay=&#8221;500&#8243; offset=&#8221;vc_col-xl-7 vc_col-lg-7 vc_col-md-7&#8243; animation_type=&#8221;fadeInLeft&#8221; conditional_render=&#8221;%5B%7B%22value_role%22%3A%22administrator%22%7D%5D&#8221; css=&#8221;.vc_custom_1737316407291{padding-top: 3.2rem !important;padding-right: 6rem !important;padding-bottom: 3.2rem !important;padding-left: 9rem !important;background-color: #f7f7f7 !important;}&#8221;][vc_empty_space height=&#8221;50px&#8221;]<div class=\"porto-u-heading  wpb_custom_039710f61d40ab187748d652bf616b75 porto-u-3622 \"><div class=\"porto-u-main-heading\"><h2   style=\"color:var(--porto-quaternary-color);margin-bottom: 0px;\">REVOLAX FINE<\/h2><\/div><style>.porto-u-3622.porto-u-heading{text-align:left}<\/style><\/div>[vc_custom_heading text=&#8221;Serimizin en ince ve en hafif dolgusu. Y\u00fczeysel k\u0131r\u0131\u015f\u0131kl\u0131klar, kaz ayaklar\u0131, hafif nazolabial \u00e7izgiler, boyun k\u0131r\u0131\u015f\u0131kl\u0131klar\u0131 ve dudaklar dahil olmak \u00fczere y\u00fcz\u00fcn t\u00fcm hassas b\u00f6lgelerde g\u00fcvenle uygulan\u0131r. 9-12 ay aras\u0131nda kal\u0131c\u0131l\u0131\u011fa sahip olan REVOLAX Fine, \u0131\u015f\u0131lt\u0131y\u0131 art\u0131rmak ve genel bir cilt tazeli\u011fi kazand\u0131rmak i\u00e7in de kullan\u0131lmaktad\u0131r.&#8221; font_container=&#8221;tag:p|font_size:16px|text_align:left|line_height:26px&#8221; use_theme_fonts=&#8221;yes&#8221; css=&#8221;&#8221; font_weight=&#8221;300&#8243; letter_spacing=&#8221;0&#8243; animation_duration=&#8221;&#8221; animation_delay=&#8221;&#8221; el_class=&#8221;mb-4&#8243;][vc_empty_space height=&#8221;50px&#8221;][\/vc_column][\/vc_row][vc_row wrap_container=&#8221;yes&#8221; content_placement=&#8221;middle&#8221; el_class=&#8221;pt-md-4 pt-xl-0&#8243; conditional_render=&#8221;%5B%7B%22value_role%22%3A%22administrator%22%7D%5D&#8221; css=&#8221;.vc_custom_1736893456207{margin-top: 0px !important;padding-bottom: 20px !important;}&#8221;][vc_column offset=&#8221;vc_col-md-7&#8243; css=&#8221;.vc_custom_1736892669647{margin-right: -5.5rem !important;margin-left: 46px !important;padding-top: 4.3rem !important;padding-right: 8rem !important;padding-bottom: 4.3rem !important;padding-left: 3rem !important;background-color: #f7f7f7 !important;}&#8221; conditional_render=&#8221;%5B%7B%22value_role%22%3A%22administrator%22%7D%5D&#8221;][vc_empty_space height=&#8221;50px&#8221;]<div class=\"porto-u-heading  wpb_custom_039710f61d40ab187748d652bf616b75 porto-u-2380 \"><div class=\"porto-u-main-heading\"><h2   style=\"color:var(--porto-quaternary-color);margin-bottom: 0px;\">REVOLAX DEEP<\/h2><\/div><style>.porto-u-2380.porto-u-heading{text-align:left}<\/style><\/div>[vc_custom_heading text=&#8221;12-14 ayl\u0131k bir kal\u0131c\u0131l\u0131\u011fa sahip, daha k\u0131vaml\u0131, \u015fekillendirme ama\u00e7l\u0131 kullan\u0131lan dermal dolgu maddesidir. REVOLAX DEEP&#8217;le nazolabial k\u0131vr\u0131mlar, yanaklar, \u00e7ene ucu ve \u00e7ene kenarlar\u0131, dudaklar\u0131 daha estetik, gen\u00e7 ve \u00e7ekici hale getirmek m\u00fcmk\u00fcnd\u00fcr.&#8221; font_container=&#8221;tag:p|font_size:16px|text_align:left|line_height:26px&#8221; use_theme_fonts=&#8221;yes&#8221; css=&#8221;&#8221; font_weight=&#8221;300&#8243; letter_spacing=&#8221;0&#8243; animation_duration=&#8221;&#8221; animation_delay=&#8221;&#8221; el_class=&#8221;mb-4&#8243;][vc_empty_space height=&#8221;50px&#8221;][\/vc_column][vc_column width=&#8221;3\/4&#8243; animation_duration=&#8221;500&#8243; animation_delay=&#8221;500&#8243; offset=&#8221;vc_col-md-5&#8243; animation_type=&#8221;fadeInLeft&#8221; conditional_render=&#8221;%5B%7B%22value_role%22%3A%22administrator%22%7D%5D&#8221; el_class=&#8221;ps-lg-5 pe-5&#8243;][vc_single_image image=&#8221;1263&#8243; img_size=&#8221;full&#8221; alignment=&#8221;center&#8221; css=&#8221;.vc_custom_1737368605607{margin-right: -17px !important;margin-bottom: 0px !important;margin-left: 2.5rem !important;}&#8221; img_object=&#8221;fill&#8221; img_width=&#8221;{&#8220;xl&#8220;:&#8220;900&#8220;,&#8220;unit&#8220;:&#8220;&#8220;,&#8220;xs&#8220;:&#8220;&#8220;,&#8220;sm&#8220;:&#8220;&#8220;,&#8220;md&#8220;:&#8220;&#8220;,&#8220;lg&#8220;:&#8220;&#8220;}&#8221; label=&#8221;&#8221;][\/vc_column][\/vc_row][vc_row wrap_container=&#8221;yes&#8221; content_placement=&#8221;middle&#8221; el_class=&#8221;pt-md-4 pt-xl-0&#8243; conditional_render=&#8221;%5B%7B%22value_role%22%3A%22administrator%22%7D%5D&#8221; css=&#8221;.vc_custom_1736880542089{margin-top: 0px !important;padding-bottom: 20px !important;}&#8221;][vc_column is_half=&#8221;yes&#8221; is_half_right=&#8221;yes&#8221; el_class=&#8221;ps-lg-5 pe-5&#8243; offset=&#8221;vc_col-xl-5 vc_col-lg-5 vc_col-md-5&#8243; conditional_render=&#8221;%5B%7B%22value_role%22%3A%22administrator%22%7D%5D&#8221; css=&#8221;.vc_custom_1736886680429{margin-right: -4.5rem !important;}&#8221;][vc_single_image image=&#8221;1264&#8243; img_size=&#8221;full&#8221; alignment=&#8221;center&#8221; css=&#8221;.vc_custom_1737368688740{margin-right: -7.5rem !important;margin-bottom: 0px !important;}&#8221; img_object=&#8221;fill&#8221; img_width=&#8221;{&#8220;xl&#8220;:&#8220;1000&#8220;,&#8220;unit&#8220;:&#8220;&#8220;,&#8220;xs&#8220;:&#8220;&#8220;,&#8220;sm&#8220;:&#8220;&#8220;,&#8220;md&#8220;:&#8220;&#8220;,&#8220;lg&#8220;:&#8220;&#8220;}&#8221; label=&#8221;&#8221;][\/vc_column][vc_column width=&#8221;3\/4&#8243; is_half=&#8221;yes&#8221; is_half_right=&#8221;yes&#8221; animation_duration=&#8221;500&#8243; animation_delay=&#8221;500&#8243; offset=&#8221;vc_col-xl-7 vc_col-lg-7 vc_col-md-7&#8243; animation_type=&#8221;fadeInLeft&#8221; conditional_render=&#8221;%5B%7B%22value_role%22%3A%22administrator%22%7D%5D&#8221; css=&#8221;.vc_custom_1737316441045{padding-top: 4rem !important;padding-right: 6rem !important;padding-bottom: 4rem !important;padding-left: 9rem !important;background-color: #f7f7f7 !important;}&#8221;][vc_empty_space height=&#8221;51px&#8221;]<div class=\"porto-u-heading  wpb_custom_039710f61d40ab187748d652bf616b75 porto-u-8577 \"><div class=\"porto-u-main-heading\"><h2   style=\"color:var(--porto-quaternary-color);margin-bottom: 0px;\">REVOLAX SUB-Q<\/h2><\/div><style>.porto-u-8577.porto-u-heading{text-align:left}<\/style><\/div>[vc_custom_heading text=&#8221;Serideki en kal\u0131n, viskozitesi en y\u00fcksek (k\u0131vaml\u0131, yo\u011fun, ak\u0131\u015fkan, hacimli) dermal dolgu maddesidir. Sub-Q, 12-18 ayl\u0131k uzun \u00f6m\u00fcrl\u00fcl\u00fc\u011f\u00fc ile yanaklar\u0131n, \u00e7enenin, burnun ve \u00e7ene hatt\u0131n\u0131n \u015fekillendirilmesi alanlar\u0131nda en iyi \u00e7al\u0131\u015fan dolgudur.&#8221; font_container=&#8221;tag:p|font_size:16px|text_align:left|line_height:26px&#8221; use_theme_fonts=&#8221;yes&#8221; css=&#8221;&#8221; font_weight=&#8221;300&#8243; letter_spacing=&#8221;0&#8243; animation_duration=&#8221;&#8221; animation_delay=&#8221;&#8221; el_class=&#8221;mb-4&#8243;][vc_empty_space height=&#8221;50px&#8221;][\/vc_column][\/vc_row]<\/p>\n<\/div>","protected":false},"excerpt":{"rendered":"<p>[vc_row wrap_container=&#8221;yes&#8221; content_placement=&#8221;middle&#8221; conditional_render=&#8221;%5B%7B%22value_role%22%3A%22administrator%22%7D%5D&#8221;][vc_column conditional_render=&#8221;%5B%7B%22value_role%22%3A%22administrator%22%7D%5D&#8221; css=&#8221;.vc_custom_1723015393942{padding-top: 50px !important;}&#8221;][\/vc_column][\/vc_row][vc_row wrap_container=&#8221;yes&#8221; content_placement=&#8221;middle&#8221; el_class=&#8221;pt-md-4 pt-xl-0&#8243; conditional_render=&#8221;%5B%7B%22value_role%22%3A%22administrator%22%7D%5D&#8221; css=&#8221;.vc_custom_1736893487264{margin-top: 0px !important;padding-bottom: 20px !important;}&#8221;][vc_column is_half=&#8221;yes&#8221; is_half_right=&#8221;yes&#8221; el_class=&#8221;ps-lg-5 pe-5&#8243; offset=&#8221;vc_col-xl-5 vc_col-lg-5 vc_col-md-5&#8243; conditional_render=&#8221;%5B%7B%22value_role%22%3A%22administrator%22%7D%5D&#8221; css=&#8221;.vc_custom_1736887149422{margin-right: -4.5rem !important;}&#8221;][vc_single_image image=&#8221;1261&#8243; img_size=&#8221;full&#8221; alignment=&#8221;center&#8221; css=&#8221;.vc_custom_1737368537162{margin-right: -7.5rem !important;margin-bottom: 0px !important;}&#8221; img_object=&#8221;fill&#8221; img_width=&#8221;{&#8220;xl&#8220;:&#8220;1000&#8220;,&#8220;unit&#8220;:&#8220;&#8220;,&#8220;xs&#8220;:&#8220;&#8220;,&#8220;sm&#8220;:&#8220;&#8220;,&#8220;md&#8220;:&#8220;&#8220;,&#8220;lg&#8220;:&#8220;&#8220;}&#8221; label=&#8221;&#8221;][\/vc_column][vc_column width=&#8221;3\/4&#8243; is_half=&#8221;yes&#8221; is_half_right=&#8221;yes&#8221; animation_duration=&#8221;500&#8243; animation_delay=&#8221;500&#8243; offset=&#8221;vc_col-xl-7 vc_col-lg-7 vc_col-md-7&#8243; animation_type=&#8221;fadeInLeft&#8221; conditional_render=&#8221;%5B%7B%22value_role%22%3A%22administrator%22%7D%5D&#8221; css=&#8221;.vc_custom_1737316407291{padding-top: 3.2rem !important;padding-right: 6rem !important;padding-bottom: [&hellip;]<\/p>\n","protected":false},"author":1,"featured_media":0,"parent":0,"menu_order":0,"comment_status":"closed","ping_status":"closed","template":"","meta":{"footnotes":""},"class_list":["post-839","page","type-page","status-publish","hentry"],"_links":{"self":[{"href":"https:\/\/revolaxturkey.com\/index.php\/wp-json\/wp\/v2\/pages\/839","targetHints":{"allow":["GET"]}}],"collection":[{"href":"https:\/\/revolaxturkey.com\/index.php\/wp-json\/wp\/v2\/pages"}],"about":[{"href":"https:\/\/revolaxturkey.com\/index.php\/wp-json\/wp\/v2\/types\/page"}],"author":[{"embeddable":true,"href":"https:\/\/revolaxturkey.com\/index.php\/wp-json\/wp\/v2\/users\/1"}],"replies":[{"embeddable":true,"href":"https:\/\/revolaxturkey.com\/index.php\/wp-json\/wp\/v2\/comments?post=839"}],"version-history":[{"count":15,"href":"https:\/\/revolaxturkey.com\/index.php\/wp-json\/wp\/v2\/pages\/839\/revisions"}],"predecessor-version":[{"id":1265,"href":"https:\/\/revolaxturkey.com\/index.php\/wp-json\/wp\/v2\/pages\/839\/revisions\/1265"}],"wp:attachment":[{"href":"https:\/\/revolaxturkey.com\/index.php\/wp-json\/wp\/v2\/media?parent=839"}],"curies":[{"name":"wp","href":"https:\/\/api.w.org\/{rel}","templated":true}]}}